{"id":1820,"date":"2026-04-14T10:20:50","date_gmt":"2026-04-14T10:20:50","guid":{"rendered":"https:\/\/www.serake.ut.ee\/?page_id=1820"},"modified":"2026-04-14T10:28:00","modified_gmt":"2026-04-14T10:28:00","slug":"news","status":"publish","type":"page","link":"https:\/\/www.serake.ut.ee\/en\/news\/","title":{"rendered":"News"},"content":{"rendered":"<div class=\"blockart-section blockart-section-b61a81f1\"><div class=\"blockart-container\"><div class=\"blockart-section-inner\">\n<div class=\"blockart-column blockart-column-c520d228\"><div class=\"blockart-column-inner\">\n<figure class=\"wp-block-image size-large\"><img loading=\"lazy\" decoding=\"async\" width=\"1024\" height=\"576\" src=\"http:\/\/www.serake.ut.ee\/wp-content\/uploads\/2026\/04\/SEMIOOTIKA-RAKENDUSKESKUSE-ARENDUSSPETSIALIST-Website-1-1024x576.png\" alt=\"\" class=\"wp-image-1813\" srcset=\"https:\/\/www.serake.ut.ee\/wp-content\/uploads\/2026\/04\/SEMIOOTIKA-RAKENDUSKESKUSE-ARENDUSSPETSIALIST-Website-1-1024x576.png 1024w, https:\/\/www.serake.ut.ee\/wp-content\/uploads\/2026\/04\/SEMIOOTIKA-RAKENDUSKESKUSE-ARENDUSSPETSIALIST-Website-1-300x169.png 300w, https:\/\/www.serake.ut.ee\/wp-content\/uploads\/2026\/04\/SEMIOOTIKA-RAKENDUSKESKUSE-ARENDUSSPETSIALIST-Website-1-768x432.png 768w, https:\/\/www.serake.ut.ee\/wp-content\/uploads\/2026\/04\/SEMIOOTIKA-RAKENDUSKESKUSE-ARENDUSSPETSIALIST-Website-1-1536x863.png 1536w, https:\/\/www.serake.ut.ee\/wp-content\/uploads\/2026\/04\/SEMIOOTIKA-RAKENDUSKESKUSE-ARENDUSSPETSIALIST-Website-1-2048x1151.png 2048w, https:\/\/www.serake.ut.ee\/wp-content\/uploads\/2026\/04\/SEMIOOTIKA-RAKENDUSKESKUSE-ARENDUSSPETSIALIST-Website-1-18x10.png 18w\" sizes=\"auto, (max-width: 1024px) 100vw, 1024px\" \/><\/figure>\n\n\n\n<p>Autor: Margot Must<\/p>\n\n\n\n<h3 class=\"wp-block-heading\">Ootame meiega liituma semiootika rakenduskeskuse arendusspetsialisti<\/h3>\n\n\n\n<p>Tartu \u00dclikool, humanitaarteaduste ja kunstide valdkond, filosoofia ja semiootika instituut<\/p>\n\n\n\n<p><strong>Kandideerimist\u00e4htaeg on 20. aprill 2026.<\/strong><\/p>\n\n\n\n<p>Tartu \u00dclikooli filosoofia ja semiootika instituudi semiootika osakonna meeskond ootab endaga liituma&nbsp;<strong>semiootika rakenduskeskuse arendusspetsialisti<\/strong>, kelle eesm\u00e4rk on keskuse teenuste ja koost\u00f6\u00f6 arendamine ASTRA+ projekti \u201eTartu \u00fclikooli teadmussiirde ja innovatsiooni \u00e4riline potentsiaal ja strateegia (T\u00dc-T\u00c4PS)&#8221; raames.<\/p>\n\n\n\n<p><strong>Tartu \u00dclikool<\/strong>&nbsp;on \u00fcle 4 500 t\u00f6\u00f6taja ja 16 000 \u00fcli\u00f5pilasega Eesti suurim ning vanim akadeemilise elu keskus. \u00dclikoolilinna milj\u00f6\u00f6 ja hea t\u00f6\u00f6- ning elukeskkond on meelitanud siia tippteadlasi ja -spetsialiste ligi 400 aastat.<\/p>\n\n\n\n<p><strong>T\u00f6\u00f6\u00fclesanded<\/strong><\/p>\n\n\n\n<ul class=\"wp-block-list\">\n<li>Rakenduskeskuse teenuste (sh anal\u00fc\u00fcsid, ekspertiisid, konsultatsioonid) ja nende t\u00f6\u00f6korralduse arendamine koost\u00f6\u00f6s osakonna t\u00f6\u00f6tajate ja \u00fcli\u00f5pilastega.<\/li>\n\n\n\n<li>Koost\u00f6\u00f6v\u00f5rgustiku arendamine.<\/li>\n\n\n\n<li>Keskuse tegevuse ja tellitavate t\u00f6\u00f6de koordineerimine.<\/li>\n\n\n\n<li>Keskuse tegevuse tutvustamine.<\/li>\n<\/ul>\n\n\n\n<p><strong>N\u00f5utav kvalifikatsioon<\/strong><br>K\u00f5rgharidus, semiootikaalane ettevalmistus.<\/p>\n\n\n\n<p><strong>Erialane kogemus<\/strong><\/p>\n\n\n\n<ul class=\"wp-block-list\">\n<li>Varasem kogemus teenuste, projektide, koost\u00f6\u00f6v\u00f5rgustike ja\/v\u00f5i organisatsioonide arendamisel.<\/li>\n\n\n\n<li>Huvi semiootika rakenduste ja populariseerimise ning teenuse ja\/v\u00f5i organisatsiooni arendamise vastu.<\/li>\n\n\n\n<li>Kasuks tuleb meeskonnat\u00f6\u00f6 korraldamise, projektijuhtimise, kultuurikorralduse ja\/v\u00f5i ettev\u00f5tluse vallas t\u00f6\u00f6tamise kogemus.<\/li>\n<\/ul>\n<\/div><\/div>\n\n\n\n<div class=\"blockart-buttons blockart-buttons-332da258 is-wrap\"><\/div>\n\n\n\n<div class=\"blockart-buttons blockart-buttons-a678c835 is-wrap\">\n<div class=\"blockart-button blockart-button-cd5b2d79\"><a class=\"blockart-button-link is-large is-style-filled\" href=\"https:\/\/ut.ee\/et\/konkurss\/semiootika-rakenduskeskuse-arendusspetsialist\" target=\"_blank\" rel=\"noopener\">Lisainfo kandideerimiseks<\/a><\/div>\n<\/div>\n<\/div><\/div><\/div>\n\n\n\n<p><\/p>","protected":false},"excerpt":{"rendered":"","protected":false},"author":1,"featured_media":0,"parent":0,"menu_order":0,"comment_status":"closed","ping_status":"closed","template":"","meta":{"_uag_custom_page_level_css":"","site-sidebar-layout":"default","site-content-layout":"default","ast-global-header-display":"","ast-banner-title-visibility":"","ast-main-header-display":"","ast-hfb-above-header-display":"","ast-hfb-below-header-display":"","ast-hfb-mobile-header-display":"","site-post-title":"disabled","ast-breadcrumbs-content":"","ast-featured-img":"","footer-sml-layout":"","theme-transparent-header-meta":"","adv-header-id-meta":"","stick-header-meta":"","header-above-stick-meta":"","header-main-stick-meta":"","header-below-stick-meta":"","footnotes":""},"class_list":["post-1820","page","type-page","status-publish","hentry"],"uagb_featured_image_src":{"full":false,"thumbnail":false,"medium":false,"medium_large":false,"large":false,"1536x1536":false,"2048x2048":false,"trp-custom-language-flag":false},"uagb_author_info":{"display_name":"Semiootika Rakenduskeskus","author_link":"https:\/\/www.serake.ut.ee\/en\/author\/admin\/"},"uagb_comment_info":0,"uagb_excerpt":null,"_links":{"self":[{"href":"https:\/\/www.serake.ut.ee\/en\/wp-json\/wp\/v2\/pages\/1820","targetHints":{"allow":["GET"]}}],"collection":[{"href":"https:\/\/www.serake.ut.ee\/en\/wp-json\/wp\/v2\/pages"}],"about":[{"href":"https:\/\/www.serake.ut.ee\/en\/wp-json\/wp\/v2\/types\/page"}],"author":[{"embeddable":true,"href":"https:\/\/www.serake.ut.ee\/en\/wp-json\/wp\/v2\/users\/1"}],"replies":[{"embeddable":true,"href":"https:\/\/www.serake.ut.ee\/en\/wp-json\/wp\/v2\/comments?post=1820"}],"version-history":[{"count":3,"href":"https:\/\/www.serake.ut.ee\/en\/wp-json\/wp\/v2\/pages\/1820\/revisions"}],"predecessor-version":[{"id":1825,"href":"https:\/\/www.serake.ut.ee\/en\/wp-json\/wp\/v2\/pages\/1820\/revisions\/1825"}],"wp:attachment":[{"href":"https:\/\/www.serake.ut.ee\/en\/wp-json\/wp\/v2\/media?parent=1820"}],"curies":[{"name":"wp","href":"https:\/\/api.w.org\/{rel}","templated":true}]}}